{"id":1052,"date":"2023-03-17T11:14:37","date_gmt":"2023-03-17T11:14:37","guid":{"rendered":"https:\/\/www.verein-nektar.ch\/nektar\/?page_id=1052"},"modified":"2024-04-20T12:32:35","modified_gmt":"2024-04-20T12:32:35","slug":"ueber-uns-neu","status":"publish","type":"page","link":"https:\/\/www.verein-nektar.ch\/nektar\/ueber-uns-neu\/","title":{"rendered":"\u00dcber uns"},"content":{"rendered":"<p>[et_pb_section fb_built=&#8220;1&#8243; admin_label=&#8220;Seite oben Statement&#8220; _builder_version=&#8220;4.18.0&#8243; custom_margin=&#8220;1px||||false|false&#8220; custom_padding=&#8220;15px||0px|||&#8220; global_module=&#8220;573&#8243; saved_tabs=&#8220;all&#8220; collapsed=&#8220;off&#8220; global_colors_info=&#8220;{}&#8220;][et_pb_row column_structure=&#8220;1_3,1_3,1_3&#8243; make_equal=&#8220;on&#8220; admin_label=&#8220;drei Punkte&#8220; _builder_version=&#8220;4.18.0&#8243; _module_preset=&#8220;8161ac50-1026-4726-81d7-0358a1d01647&#8243; min_height=&#8220;300.7px&#8220; custom_margin=&#8220;2px|auto||auto||&#8220; saved_tabs=&#8220;all&#8220; global_colors_info=&#8220;{}&#8220;][et_pb_column type=&#8220;1_3&#8243; _builder_version=&#8220;4.17.4&#8243; _module_preset=&#8220;default&#8220; global_colors_info=&#8220;{}&#8220;][et_pb_icon font_icon=&#8220;&#x7a;||divi||400&#8243; icon_color=&#8220;#ffffff&#8220; icon_width=&#8220;59px&#8220; url=&#8220;https:\/\/www.verein-nektar.ch\/nektar\/2023\/03\/30\/nektar-treff\/&#8220; _builder_version=&#8220;4.18.0&#8243; _module_preset=&#8220;default&#8220; background_color=&#8220;#ffee00&#8243; custom_padding=&#8220;30px|31px|28px|31px|false|true&#8220; border_radii=&#8220;on|400px|400px|400px|400px&#8220; border_width_all=&#8220;3px&#8220; border_color_all=&#8220;#FCF400&#8243; global_colors_info=&#8220;{}&#8220; icon_color__hover_enabled=&#8220;on|hover&#8220; border_radii__hover_enabled=&#8220;on|desktop&#8220; background__hover_enabled=&#8220;off|desktop&#8220; background_color__hover=&#8220;#FFFFFF&#8220; background_enable_color__hover=&#8220;on&#8220; icon_color__hover=&#8220;#fcf655&#8243; border_radii__hover=&#8220;on|400px|400px|400px|400px&#8220;][\/et_pb_icon][et_pb_text _builder_version=&#8220;4.18.0&#8243; _module_preset=&#8220;ab87cfa5-8111-45ba-9a41-974a09fa9602&#8243; text_font=&#8220;Lato||||||||&#8220; text_text_color=&#8220;#000000&#8243; text_font_size=&#8220;16px&#8220; text_letter_spacing=&#8220;1px&#8220; text_line_height=&#8220;1.9em&#8220; header_font=&#8220;Lato|900|||||||&#8220; header_text_align=&#8220;left&#8220; header_text_color=&#8220;#8EB24C&#8220; header_2_font=&#8220;Lato|900|||||||&#8220; header_2_text_color=&#8220;#8EB24C&#8220; header_2_font_size=&#8220;29px&#8220; header_2_letter_spacing=&#8220;2px&#8220; header_2_line_height=&#8220;1.4em&#8220; header_3_font=&#8220;Lato|900|||||||&#8220; header_3_text_align=&#8220;center&#8220; header_3_text_color=&#8220;#8EB24C&#8220; header_3_letter_spacing=&#8220;3px&#8220; header_3_line_height=&#8220;1.3em&#8220; header_4_text_color=&#8220;#8EB24C&#8220; header_4_font_size=&#8220;18px&#8220; header_4_line_height=&#8220;1em&#8220; header_5_text_color=&#8220;#8EB24C&#8220; text_orientation=&#8220;left&#8220; custom_margin=&#8220;-12px||||false|false&#8220; custom_padding=&#8220;||||false|false&#8220; header_3_text_shadow_style=&#8220;none&#8220; global_colors_info=&#8220;{}&#8220;]<\/p>\n<h3 style=\"text-align: center;\"><span style=\"font-size: x-large; color: #ffee00;\">AKTUELL<\/span><\/h3>\n<p>[\/et_pb_text][et_pb_text admin_label=&#8220;Text&#8220; _builder_version=&#8220;4.18.0&#8243; _module_preset=&#8220;_initial&#8220; text_font=&#8220;Lato||||||||&#8220; text_text_color=&#8220;#000000&#8243; text_font_size=&#8220;16px&#8220; text_letter_spacing=&#8220;1px&#8220; text_line_height=&#8220;1.9em&#8220; header_font=&#8220;Lato|900|||||||&#8220; header_text_align=&#8220;left&#8220; header_text_color=&#8220;#8EB24C&#8220; header_2_font=&#8220;Lato|900|||||||&#8220; header_2_text_color=&#8220;#8EB24C&#8220; header_2_font_size=&#8220;29px&#8220; header_2_letter_spacing=&#8220;2px&#8220; header_2_line_height=&#8220;1.4em&#8220; header_3_text_color=&#8220;#8EB24C&#8220; header_3_line_height=&#8220;1.3em&#8220; header_4_text_color=&#8220;#8EB24C&#8220; header_5_text_color=&#8220;#8EB24C&#8220; custom_margin=&#8220;-26px||||false|false&#8220; custom_padding=&#8220;||||false|false&#8220; global_colors_info=&#8220;{}&#8220;]<\/p>\n<p style=\"text-align: center;\">Hier bekommst Du die aktuellsten Informationen.<\/p>\n<p>[\/et_pb_text][\/et_pb_column][et_pb_column type=&#8220;1_3&#8243; _builder_version=&#8220;4.17.4&#8243; _module_preset=&#8220;default&#8220; global_colors_info=&#8220;{}&#8220;][et_pb_icon font_icon=&#8220;&#xe030;||divi||400&#8243; icon_color=&#8220;#ffffff&#8220; icon_width=&#8220;59px&#8220; url=&#8220;https:\/\/www.verein-nektar.ch\/nektar\/veranstaltung\/&#8220; _builder_version=&#8220;4.18.0&#8243; _module_preset=&#8220;default&#8220; background_color=&#8220;#0091f2&#8243; custom_padding=&#8220;33px|30px|27px|30px|false|true&#8220; border_radii=&#8220;on|400px|400px|400px|400px&#8220; border_width_all=&#8220;3px&#8220; border_color_all=&#8220;#0091f2&#8243; global_colors_info=&#8220;{}&#8220; icon_color__hover_enabled=&#8220;on|hover&#8220; icon_color__hover=&#8220;#1ca8ff&#8220;][\/et_pb_icon][et_pb_text _builder_version=&#8220;4.18.0&#8243; _module_preset=&#8220;111e30ce-a020-48bb-9342-c9d2769f0fd0&#8243; text_font=&#8220;Lato|700|||||||&#8220; text_text_color=&#8220;#000000&#8243; text_font_size=&#8220;16px&#8220; text_letter_spacing=&#8220;1px&#8220; text_line_height=&#8220;1.9em&#8220; header_font=&#8220;Lato|900|||||||&#8220; header_text_align=&#8220;center&#8220; header_text_color=&#8220;#8EB24C&#8220; header_2_font=&#8220;Lato|700|||||||&#8220; header_2_text_color=&#8220;#8EB24C&#8220; header_2_font_size=&#8220;29px&#8220; header_2_letter_spacing=&#8220;2px&#8220; header_2_line_height=&#8220;1.4em&#8220; header_3_font=&#8220;Lato|900|||||||&#8220; header_3_text_align=&#8220;center&#8220; header_3_text_color=&#8220;#8EB24C&#8220; header_3_letter_spacing=&#8220;2px&#8220; header_3_line_height=&#8220;1.3em&#8220; header_4_text_color=&#8220;#8EB24C&#8220; header_5_text_color=&#8220;#8EB24C&#8220; custom_margin=&#8220;-12px||||false|false&#8220; custom_padding=&#8220;||||false|false&#8220; global_colors_info=&#8220;{}&#8220;]<\/p>\n<h3 style=\"text-align: center;\"><span style=\"font-size: x-large; color: #0091f2;\">VERANSTALTUNGEN<\/span><\/h3>\n<p>[\/et_pb_text][et_pb_text _builder_version=&#8220;4.18.0&#8243; _module_preset=&#8220;_initial&#8220; text_font=&#8220;Lato||||||||&#8220; text_text_color=&#8220;#000000&#8243; text_font_size=&#8220;16px&#8220; text_letter_spacing=&#8220;1px&#8220; text_line_height=&#8220;1.9em&#8220; header_font=&#8220;Lato|900|||||||&#8220; header_text_align=&#8220;left&#8220; header_text_color=&#8220;#8EB24C&#8220; header_2_font=&#8220;Lato|900|||||||&#8220; header_2_text_color=&#8220;#8EB24C&#8220; header_2_font_size=&#8220;29px&#8220; header_2_letter_spacing=&#8220;2px&#8220; header_2_line_height=&#8220;1.4em&#8220; header_3_text_color=&#8220;#8EB24C&#8220; header_3_line_height=&#8220;1.3em&#8220; header_4_text_color=&#8220;#8EB24C&#8220; header_5_text_color=&#8220;#8EB24C&#8220; custom_margin=&#8220;-26px||||false|false&#8220; custom_padding=&#8220;||||false|false&#8220; global_colors_info=&#8220;{}&#8220;]<\/p>\n<p style=\"text-align: center;\">Schau mal,<br \/>was bei uns stattfindet<\/p>\n<p>[\/et_pb_text][\/et_pb_column][et_pb_column type=&#8220;1_3&#8243; _builder_version=&#8220;4.17.4&#8243; _module_preset=&#8220;default&#8220; global_colors_info=&#8220;{}&#8220;][et_pb_icon font_icon=&#8220;&#xf7a2;||fa||900&#8243; icon_color=&#8220;#FFFFFF&#8220; icon_width=&#8220;59px&#8220; url=&#8220;https:\/\/www.verein-nektar.ch\/nektar\/leitbild\/&#8220; _builder_version=&#8220;4.18.0&#8243; _module_preset=&#8220;default&#8220; background_color=&#8220;#7CDA24&#8243; custom_padding=&#8220;31px|31px|31px|31px|true|true&#8220; border_radii=&#8220;on|400px|400px|400px|400px&#8220; border_width_all=&#8220;3px&#8220; border_color_all=&#8220;#7CDA24&#8243; global_colors_info=&#8220;{}&#8220; icon_color__hover_enabled=&#8220;on|hover&#8220; icon_color__hover=&#8220;#8ef92a&#8220;][\/et_pb_icon][et_pb_text _builder_version=&#8220;4.18.0&#8243; _module_preset=&#8220;ab87cfa5-8111-45ba-9a41-974a09fa9602&#8243; text_font=&#8220;Lato||||||||&#8220; text_text_color=&#8220;#000000&#8243; text_font_size=&#8220;16px&#8220; text_letter_spacing=&#8220;1px&#8220; text_line_height=&#8220;1.9em&#8220; header_font=&#8220;Lato|900|||||||&#8220; header_text_align=&#8220;left&#8220; header_text_color=&#8220;#8EB24C&#8220; header_2_font=&#8220;Lato|900|||||||&#8220; header_2_text_color=&#8220;#8EB24C&#8220; header_2_font_size=&#8220;29px&#8220; header_2_letter_spacing=&#8220;2px&#8220; header_2_line_height=&#8220;1.4em&#8220; header_3_font=&#8220;Lato|900|||||||&#8220; header_3_text_align=&#8220;center&#8220; header_3_text_color=&#8220;#8EB24C&#8220; header_3_letter_spacing=&#8220;2px&#8220; header_3_line_height=&#8220;1.3em&#8220; header_4_text_color=&#8220;#8EB24C&#8220; header_4_font_size=&#8220;18px&#8220; header_4_line_height=&#8220;1em&#8220; header_5_text_color=&#8220;#8EB24C&#8220; text_orientation=&#8220;left&#8220; custom_margin=&#8220;-12px||||false|false&#8220; custom_padding=&#8220;||||false|false&#8220; header_3_text_shadow_style=&#8220;none&#8220; global_colors_info=&#8220;{}&#8220;]<\/p>\n<h3 style=\"text-align: center;\"><span style=\"font-size: x-large; color: #7cda24;\">LEITBILD<\/span><\/h3>\n<p>[\/et_pb_text][et_pb_text _builder_version=&#8220;4.18.0&#8243; _module_preset=&#8220;_initial&#8220; text_font=&#8220;Lato||||||||&#8220; text_text_color=&#8220;#000000&#8243; text_font_size=&#8220;16px&#8220; text_letter_spacing=&#8220;1px&#8220; text_line_height=&#8220;1.9em&#8220; header_font=&#8220;Lato|900|||||||&#8220; header_text_align=&#8220;left&#8220; header_text_color=&#8220;#8EB24C&#8220; header_2_font=&#8220;Lato|900|||||||&#8220; header_2_text_color=&#8220;#8EB24C&#8220; header_2_font_size=&#8220;29px&#8220; header_2_letter_spacing=&#8220;2px&#8220; header_2_line_height=&#8220;1.4em&#8220; header_3_text_color=&#8220;#8EB24C&#8220; header_3_line_height=&#8220;1.3em&#8220; header_4_text_color=&#8220;#8EB24C&#8220; header_5_text_color=&#8220;#8EB24C&#8220; custom_margin=&#8220;-26px||||false|false&#8220; custom_padding=&#8220;||||false|false&#8220; global_colors_info=&#8220;{}&#8220;]<\/p>\n<p style=\"text-align: center;\">Das Manifest der Neuen Erde<br \/>weist uns den Weg.<\/p>\n<p>[\/et_pb_text][\/et_pb_column][\/et_pb_row][\/et_pb_section][et_pb_section fb_built=&#8220;1&#8243; _builder_version=&#8220;4.18.0&#8243; _module_preset=&#8220;default&#8220; global_colors_info=&#8220;{}&#8220;][et_pb_row _builder_version=&#8220;4.18.0&#8243; _module_preset=&#8220;default&#8220; custom_margin=&#8220;-92px|auto||auto||&#8220; global_colors_info=&#8220;{}&#8220;][et_pb_column type=&#8220;4_4&#8243; _builder_version=&#8220;4.18.0&#8243; _module_preset=&#8220;default&#8220; global_colors_info=&#8220;{}&#8220;][et_pb_text _builder_version=&#8220;4.18.0&#8243; _module_preset=&#8220;default&#8220; custom_margin=&#8220;-31px||||false|false&#8220; header_text_shadow_style=&#8220;none&#8220; header_2_text_shadow_style=&#8220;none&#8220; global_colors_info=&#8220;{}&#8220;]<\/p>\n<h2>\u00dcber uns<\/h2>\n<p style=\"font-weight: 400;\">Wir leben heute in Strukturen in denen finanzielle Mittel erforderlich sind um Projekte umsetzen zu k\u00f6nnen. Daher haben wir eine Organisationsform gew\u00e4hlt, welche uns eine m\u00f6glichst grosse Flexibilit\u00e4t gew\u00e4hrt. Passiver Teil darin ist der Stifterverein LiZ Fricktal, welcher zu einem sp\u00e4teren Zeitpunkt in eine Stiftung \u00fcbergef\u00fchrt wird. Er unterst\u00fctzt den Verein Nektar in all seinen Aktivit\u00e4ten mit Beitr\u00e4gen, erwirbt Immobilien und stellt sie ihm zur Verf\u00fcgung. Er unterst\u00fctzt aber auch Projekte Dritter, welche dem Leitbild folgen. Der Verein Nektar seinerseits unterscheidet sich in seinen Aktivit\u00e4ten in \u00abnicht gewerblich\u00bb und \u00abgewerblich\u00bb. F\u00fcr letztere soll eine Genossenschaft noch gegr\u00fcndet werden. Diese kann auch direkt Immobilien erwerben und von Dritten unterst\u00fctzt werden.<\/p>\n<p>[\/et_pb_text][\/et_pb_column][\/et_pb_row][\/et_pb_section][et_pb_section fb_built=&#8220;1&#8243; _builder_version=&#8220;4.18.0&#8243; _module_preset=&#8220;default&#8220; background_enable_color=&#8220;off&#8220; min_height=&#8220;1412px&#8220; global_colors_info=&#8220;{}&#8220;][et_pb_row _builder_version=&#8220;4.18.0&#8243; _module_preset=&#8220;default&#8220; custom_margin=&#8220;-67px||||false|false&#8220; global_colors_info=&#8220;{}&#8220;][et_pb_column type=&#8220;4_4&#8243; _builder_version=&#8220;4.18.0&#8243; _module_preset=&#8220;default&#8220; global_colors_info=&#8220;{}&#8220;][et_pb_image src=&#8220;https:\/\/www.verein-nektar.ch\/nektar\/wp-content\/uploads\/2023\/03\/manifestierung-scaled.jpg&#8220; title_text=&#8220;manifestierung&#8220; _builder_version=&#8220;4.18.0&#8243; _module_preset=&#8220;default&#8220; custom_margin=&#8220;-90px||-19px||false|false&#8220; global_colors_info=&#8220;{}&#8220;][\/et_pb_image][et_pb_text _builder_version=&#8220;4.18.0&#8243; _module_preset=&#8220;1e9bc7c0-cb07-4f18-a928-99f13455c54d&#8220; global_colors_info=&#8220;{}&#8220;]<\/p>\n<h2>Organigram<\/h2>\n<p>[\/et_pb_text][\/et_pb_column][\/et_pb_row][et_pb_row _builder_version=&#8220;4.18.0&#8243; _module_preset=&#8220;default&#8220; custom_margin=&#8220;-58px||-24px||false|false&#8220; custom_padding=&#8220;||1px||false|false&#8220; global_colors_info=&#8220;{}&#8220;][et_pb_column type=&#8220;4_4&#8243; _builder_version=&#8220;4.18.0&#8243; _module_preset=&#8220;default&#8220; global_colors_info=&#8220;{}&#8220;][et_pb_image src=&#8220;https:\/\/www.verein-nektar.ch\/nektar\/wp-content\/uploads\/2024\/04\/Organigramm.jpg&#8220; title_text=&#8220;Organigramm&#8220; align=&#8220;center&#8220; _builder_version=&#8220;4.18.0&#8243; _module_preset=&#8220;default&#8220; custom_margin=&#8220;31px||||false|false&#8220; global_colors_info=&#8220;{}&#8220;][\/et_pb_image][\/et_pb_column][\/et_pb_row][\/et_pb_section][et_pb_section fb_built=&#8220;1&#8243; _builder_version=&#8220;4.18.0&#8243; _module_preset=&#8220;default&#8220; custom_margin=&#8220;-145px||-362px||false|false&#8220; global_colors_info=&#8220;{}&#8220;][et_pb_row column_structure=&#8220;3_4,1_4&#8243; _builder_version=&#8220;4.18.0&#8243; _module_preset=&#8220;default&#8220; min_height=&#8220;450px&#8220; custom_margin=&#8220;-181px||-1px||false|false&#8220; hover_enabled=&#8220;0&#8243; global_colors_info=&#8220;{}&#8220; sticky_enabled=&#8220;0&#8243;][et_pb_column type=&#8220;3_4&#8243; _builder_version=&#8220;4.18.0&#8243; _module_preset=&#8220;default&#8220; global_colors_info=&#8220;{}&#8220;][\/et_pb_column][et_pb_column type=&#8220;1_4&#8243; _builder_version=&#8220;4.18.0&#8243; _module_preset=&#8220;default&#8220; global_colors_info=&#8220;{}&#8220;][et_pb_image src=&#8220;https:\/\/www.verein-nektar.ch\/nektar\/wp-content\/uploads\/2023\/03\/Manara_planet_earth_made_of_wood_fa2d116f-3554-40db-a324-705cfcff8e06-1.png&#8220; title_text=&#8220;Manara_planet_earth_made_of_wood_fa2d116f-3554-40db-a324-705cfcff8e06&#8243; _builder_version=&#8220;4.18.0&#8243; _module_preset=&#8220;default&#8220; custom_margin=&#8220;-18px||||false|false&#8220; global_colors_info=&#8220;{}&#8220;][\/et_pb_image][\/et_pb_column][\/et_pb_row][\/et_pb_section][et_pb_section fb_built=&#8220;1&#8243; _builder_version=&#8220;4.18.0&#8243; _module_preset=&#8220;default&#8220; custom_margin=&#8220;-7px||-1px||false|false&#8220; custom_padding=&#8220;0px||||false|false&#8220; global_colors_info=&#8220;{}&#8220;][et_pb_row _builder_version=&#8220;4.18.0&#8243; _module_preset=&#8220;default&#8220; global_colors_info=&#8220;{}&#8220;][et_pb_column type=&#8220;4_4&#8243; _builder_version=&#8220;4.18.0&#8243; _module_preset=&#8220;default&#8220; global_colors_info=&#8220;{}&#8220;][et_pb_text _builder_version=&#8220;4.18.0&#8243; _module_preset=&#8220;1e9bc7c0-cb07-4f18-a928-99f13455c54d&#8220; global_colors_info=&#8220;{}&#8220;]<\/p>\n<h2>Unser Vereinslokal<\/h2>\n<p>Das Vereinslokal befindet sich im LiZ-Fricktal (Link) in der Altstadt von Rheinfelden am Obertorplatz 7.<\/p>\n<p>[\/et_pb_text][\/et_pb_column][\/et_pb_row][et_pb_row column_structure=&#8220;1_3,1_3,1_3&#8243; _builder_version=&#8220;4.18.0&#8243; _module_preset=&#8220;default&#8220; custom_margin=&#8220;||-33px||false|false&#8220; global_colors_info=&#8220;{}&#8220;][et_pb_column type=&#8220;1_3&#8243; _builder_version=&#8220;4.18.0&#8243; _module_preset=&#8220;default&#8220; global_colors_info=&#8220;{}&#8220;][et_pb_image src=&#8220;https:\/\/www.verein-nektar.ch\/nektar\/wp-content\/uploads\/2023\/03\/LiZ-Raum-04-1-scaled.jpg&#8220; title_text=&#8220;LiZ-Raum 04&#8243; _builder_version=&#8220;4.18.0&#8243; _module_preset=&#8220;default&#8220; global_colors_info=&#8220;{}&#8220;][\/et_pb_image][\/et_pb_column][et_pb_column type=&#8220;1_3&#8243; _builder_version=&#8220;4.18.0&#8243; _module_preset=&#8220;default&#8220; global_colors_info=&#8220;{}&#8220;][et_pb_image src=&#8220;https:\/\/www.verein-nektar.ch\/nektar\/wp-content\/uploads\/2023\/03\/LiZ-Raum-02-1-scaled.jpg&#8220; title_text=&#8220;LiZ-Raum 02&#8243; _builder_version=&#8220;4.18.0&#8243; _module_preset=&#8220;default&#8220; global_colors_info=&#8220;{}&#8220;][\/et_pb_image][\/et_pb_column][et_pb_column type=&#8220;1_3&#8243; _builder_version=&#8220;4.18.0&#8243; _module_preset=&#8220;default&#8220; global_colors_info=&#8220;{}&#8220;][et_pb_image src=&#8220;https:\/\/www.verein-nektar.ch\/nektar\/wp-content\/uploads\/2023\/03\/LiZ-Raum-01-scaled.jpg&#8220; title_text=&#8220;LiZ-Raum 01&#8243; _builder_version=&#8220;4.18.0&#8243; _module_preset=&#8220;default&#8220; global_colors_info=&#8220;{}&#8220;][\/et_pb_image][\/et_pb_column][\/et_pb_row][\/et_pb_section][et_pb_section fb_built=&#8220;1&#8243; _builder_version=&#8220;4.18.0&#8243; _module_preset=&#8220;default&#8220; min_height=&#8220;390px&#8220; custom_margin=&#8220;||-232px||false|false&#8220; global_colors_info=&#8220;{}&#8220;][et_pb_row _builder_version=&#8220;4.18.0&#8243; _module_preset=&#8220;default&#8220; custom_margin=&#8220;-23px||-32px||false|false&#8220; custom_padding=&#8220;||||false|false&#8220; global_colors_info=&#8220;{}&#8220;][et_pb_column type=&#8220;4_4&#8243; _builder_version=&#8220;4.18.0&#8243; _module_preset=&#8220;default&#8220; global_colors_info=&#8220;{}&#8220;][et_pb_text _builder_version=&#8220;4.18.0&#8243; _module_preset=&#8220;1e9bc7c0-cb07-4f18-a928-99f13455c54d&#8220; custom_margin=&#8220;||-29px||false|false&#8220; global_colors_info=&#8220;{}&#8220;]<\/p>\n<h2>Nektar Projekte<\/h2>\n<p>[\/et_pb_text][\/et_pb_column][\/et_pb_row][et_pb_row column_structure=&#8220;1_3,1_3,1_3&#8243; _builder_version=&#8220;4.18.0&#8243; _module_preset=&#8220;default&#8220; min_height=&#8220;657px&#8220; custom_margin=&#8220;42px||||false|false&#8220; global_colors_info=&#8220;{}&#8220;][et_pb_column type=&#8220;1_3&#8243; _builder_version=&#8220;4.18.0&#8243; _module_preset=&#8220;default&#8220; global_colors_info=&#8220;{}&#8220;][et_pb_blog posts_number=&#8220;1&#8243; include_categories=&#8220;18&#8243; show_more=&#8220;on&#8220; show_author=&#8220;off&#8220; show_date=&#8220;off&#8220; show_categories=&#8220;off&#8220; show_pagination=&#8220;off&#8220; _builder_version=&#8220;4.18.0&#8243; _module_preset=&#8220;default&#8220; global_colors_info=&#8220;{}&#8220;][\/et_pb_blog][\/et_pb_column][et_pb_column type=&#8220;1_3&#8243; _builder_version=&#8220;4.18.0&#8243; _module_preset=&#8220;default&#8220; global_colors_info=&#8220;{}&#8220;][et_pb_blog posts_number=&#8220;1&#8243; include_categories=&#8220;18&#8243; show_more=&#8220;on&#8220; show_author=&#8220;off&#8220; show_date=&#8220;off&#8220; show_categories=&#8220;off&#8220; offset_number=&#8220;1&#8243; _builder_version=&#8220;4.18.0&#8243; _module_preset=&#8220;default&#8220; global_colors_info=&#8220;{}&#8220;][\/et_pb_blog][\/et_pb_column][et_pb_column type=&#8220;1_3&#8243; _builder_version=&#8220;4.18.0&#8243; _module_preset=&#8220;default&#8220; global_colors_info=&#8220;{}&#8220;][et_pb_blog posts_number=&#8220;1&#8243; include_categories=&#8220;18&#8243; show_more=&#8220;on&#8220; show_author=&#8220;off&#8220; show_date=&#8220;off&#8220; show_categories=&#8220;off&#8220; offset_number=&#8220;2&#8243; _builder_version=&#8220;4.18.0&#8243; _module_preset=&#8220;default&#8220; global_colors_info=&#8220;{}&#8220;][\/et_pb_blog][\/et_pb_column][\/et_pb_row][\/et_pb_section][et_pb_section fb_built=&#8220;1&#8243; fullwidth=&#8220;on&#8220; admin_label=&#8220;Call to Action&#8220; _builder_version=&#8220;4.18.0&#8243; max_width=&#8220;100%&#8220; module_alignment=&#8220;center&#8220; custom_padding=&#8220;||0px||false|false&#8220; filter_saturate=&#8220;89%&#8220; global_module=&#8220;1606&#8243; locked=&#8220;off&#8220; global_colors_info=&#8220;{}&#8220;][et_pb_fullwidth_header title=&#8220;Mit dem Verein Nektar zusammen die Zukunft gestalten&#8220; subhead=&#8220;Du m\u00f6chtest bei uns dazugeh\u00f6ren und im Verein mitwirken, dann melde Dich an f\u00fcr eine Mitgliedschaft. Du m\u00f6chtest einfach nur eine gute Idee unterst\u00fctzen und Dein Geld in eine lebenswerte Zukunft investieren, dann erm\u00f6glichst Du uns mit einer Spende die Verwirklichung von konkreten Projekten.&#8220; button_one_text=&#8220;VEREINSMITGLIED WERDEN&#8220; button_one_url=&#8220;verein-nektar.ch\/nektar\/2023\/03\/20\/mitgliedschaftsantrag-und-statuten\/&#8220; button_two_text=&#8220;GENOSSENSCHAFTER WERDEN&#8220; button_two_url=&#8220;verein-nektar.ch\/nektar\/2023\/03\/29\/genossenschaft-nektar-bioladen\/&#8220; _builder_version=&#8220;4.18.0&#8243; title_font=&#8220;Lato|900|||||||&#8220; title_font_size=&#8220;60px&#8220; subhead_text_align=&#8220;center&#8220; background_image=&#8220;https:\/\/www.verein-nektar.ch\/nektar\/wp-content\/uploads\/2023\/01\/DSC00523-1-1024&#215;422.jpeg&#8220; button_one_bg_color=&#8220;#8EB24C&#8220; button_one_border_width=&#8220;3px&#8220; button_one_border_color=&#8220;#FFFFFF&#8220; button_one_border_radius=&#8220;100px&#8220; button_one_letter_spacing=&#8220;3px&#8220; button_one_custom_padding=&#8220;16px|22px|16px|25px|false|false&#8220; button_two_border_width=&#8220;3px&#8220; button_two_border_color=&#8220;#FFFFFF&#8220; button_two_border_radius=&#8220;100px&#8220; button_two_letter_spacing=&#8220;3px&#8220; button_two_custom_margin=&#8220;||||false|false&#8220; button_two_custom_padding=&#8220;16px|22px|16px|25px|false|false&#8220; width=&#8220;100%&#8220; module_alignment=&#8220;center&#8220; min_height=&#8220;375.9px&#8220; custom_margin=&#8220;171px||172px||false|false&#8220; custom_padding=&#8220;4%|0px|4%|0px|false|false&#8220; child_filter_saturate=&#8220;107%&#8220; button_one_letter_spacing_hover=&#8220;1px&#8220; button_two_letter_spacing_hover=&#8220;1px&#8220; global_colors_info=&#8220;{}&#8220; button_one_text_size__hover_enabled=&#8220;off&#8220; button_two_text_size__hover_enabled=&#8220;off&#8220; button_one_text_color__hover_enabled=&#8220;off&#8220; button_two_text_color__hover_enabled=&#8220;off&#8220; button_one_border_width__hover_enabled=&#8220;off&#8220; button_two_border_width__hover_enabled=&#8220;off&#8220; button_one_border_color__hover_enabled=&#8220;off&#8220; button_two_border_color__hover_enabled=&#8220;off&#8220; button_one_border_radius__hover_enabled=&#8220;off&#8220; button_two_border_radius__hover_enabled=&#8220;off&#8220; button_one_bg_color__hover_enabled=&#8220;off&#8220; button_two_bg_color__hover_enabled=&#8220;off&#8220;][\/et_pb_fullwidth_header][\/et_pb_section]<\/p>\n","protected":false},"excerpt":{"rendered":"<p>AKTUELLHier bekommst Du die aktuellsten Informationen.VERANSTALTUNGENSchau mal,was bei uns stattfindetLEITBILDDas Manifest der Neuen Erdeweist uns den Weg.\u00dcber uns Wir leben heute in Strukturen in denen finanzielle Mittel erforderlich sind um Projekte umsetzen zu k\u00f6nnen. Daher haben wir eine Organisationsform gew\u00e4hlt, welche uns eine m\u00f6glichst grosse Flexibilit\u00e4t gew\u00e4hrt. Passiver Teil darin ist der Stifterverein LiZ Fricktal, [&hellip;]<\/p>\n","protected":false},"author":1,"featured_media":0,"parent":0,"menu_order":0,"comment_status":"closed","ping_status":"closed","template":"","meta":{"_et_pb_use_builder":"on","_et_pb_old_content":"","_et_gb_content_width":"","footnotes":""},"class_list":["post-1052","page","type-page","status-publish","hentry"],"_links":{"self":[{"href":"https:\/\/www.verein-nektar.ch\/nektar\/wp-json\/wp\/v2\/pages\/1052","targetHints":{"allow":["GET"]}}],"collection":[{"href":"https:\/\/www.verein-nektar.ch\/nektar\/wp-json\/wp\/v2\/pages"}],"about":[{"href":"https:\/\/www.verein-nektar.ch\/nektar\/wp-json\/wp\/v2\/types\/page"}],"author":[{"embeddable":true,"href":"https:\/\/www.verein-nektar.ch\/nektar\/wp-json\/wp\/v2\/users\/1"}],"replies":[{"embeddable":true,"href":"https:\/\/www.verein-nektar.ch\/nektar\/wp-json\/wp\/v2\/comments?post=1052"}],"version-history":[{"count":30,"href":"https:\/\/www.verein-nektar.ch\/nektar\/wp-json\/wp\/v2\/pages\/1052\/revisions"}],"predecessor-version":[{"id":1906,"href":"https:\/\/www.verein-nektar.ch\/nektar\/wp-json\/wp\/v2\/pages\/1052\/revisions\/1906"}],"wp:attachment":[{"href":"https:\/\/www.verein-nektar.ch\/nektar\/wp-json\/wp\/v2\/media?parent=1052"}],"curies":[{"name":"wp","href":"https:\/\/api.w.org\/{rel}","templated":true}]}}