{"id":630,"date":"2023-02-09T14:23:48","date_gmt":"2023-02-09T14:23:48","guid":{"rendered":"https:\/\/www.verein-nektar.ch\/nektar\/?page_id=630"},"modified":"2024-04-20T17:19:43","modified_gmt":"2024-04-20T17:19:43","slug":"leitbild","status":"publish","type":"page","link":"https:\/\/www.verein-nektar.ch\/nektar\/leitbild\/","title":{"rendered":"Leitbild"},"content":{"rendered":"<p>[et_pb_section fb_built=&#8220;1&#8243; admin_label=&#8220;Seite oben Statement&#8220; _builder_version=&#8220;4.18.0&#8243; custom_margin=&#8220;1px||||false|false&#8220; custom_padding=&#8220;15px||0px|||&#8220; global_module=&#8220;573&#8243; saved_tabs=&#8220;all&#8220; collapsed=&#8220;off&#8220; global_colors_info=&#8220;{}&#8220;][et_pb_row column_structure=&#8220;1_3,1_3,1_3&#8243; make_equal=&#8220;on&#8220; admin_label=&#8220;drei Punkte&#8220; _builder_version=&#8220;4.18.0&#8243; _module_preset=&#8220;8161ac50-1026-4726-81d7-0358a1d01647&#8243; min_height=&#8220;300.7px&#8220; custom_margin=&#8220;2px|auto||auto||&#8220; saved_tabs=&#8220;all&#8220; global_colors_info=&#8220;{}&#8220;][et_pb_column type=&#8220;1_3&#8243; _builder_version=&#8220;4.17.4&#8243; _module_preset=&#8220;default&#8220; global_colors_info=&#8220;{}&#8220;][et_pb_icon font_icon=&#8220;&#x7a;||divi||400&#8243; icon_color=&#8220;#ffffff&#8220; icon_width=&#8220;59px&#8220; url=&#8220;https:\/\/www.verein-nektar.ch\/nektar\/2023\/03\/30\/nektar-treff\/&#8220; _builder_version=&#8220;4.18.0&#8243; _module_preset=&#8220;default&#8220; background_color=&#8220;#ffee00&#8243; custom_padding=&#8220;30px|31px|28px|31px|false|true&#8220; border_radii=&#8220;on|400px|400px|400px|400px&#8220; border_width_all=&#8220;3px&#8220; border_color_all=&#8220;#FCF400&#8243; global_colors_info=&#8220;{}&#8220; icon_color__hover_enabled=&#8220;on|hover&#8220; border_radii__hover_enabled=&#8220;on|desktop&#8220; background__hover_enabled=&#8220;off|desktop&#8220; background_color__hover=&#8220;#FFFFFF&#8220; background_enable_color__hover=&#8220;on&#8220; icon_color__hover=&#8220;#fcf655&#8243; border_radii__hover=&#8220;on|400px|400px|400px|400px&#8220;][\/et_pb_icon][et_pb_text _builder_version=&#8220;4.18.0&#8243; _module_preset=&#8220;ab87cfa5-8111-45ba-9a41-974a09fa9602&#8243; text_font=&#8220;Lato||||||||&#8220; text_text_color=&#8220;#000000&#8243; text_font_size=&#8220;16px&#8220; text_letter_spacing=&#8220;1px&#8220; text_line_height=&#8220;1.9em&#8220; header_font=&#8220;Lato|900|||||||&#8220; header_text_align=&#8220;left&#8220; header_text_color=&#8220;#8EB24C&#8220; header_2_font=&#8220;Lato|900|||||||&#8220; header_2_text_color=&#8220;#8EB24C&#8220; header_2_font_size=&#8220;29px&#8220; header_2_letter_spacing=&#8220;2px&#8220; header_2_line_height=&#8220;1.4em&#8220; header_3_font=&#8220;Lato|900|||||||&#8220; header_3_text_align=&#8220;center&#8220; header_3_text_color=&#8220;#8EB24C&#8220; header_3_letter_spacing=&#8220;3px&#8220; header_3_line_height=&#8220;1.3em&#8220; header_4_text_color=&#8220;#8EB24C&#8220; header_4_font_size=&#8220;18px&#8220; header_4_line_height=&#8220;1em&#8220; header_5_text_color=&#8220;#8EB24C&#8220; text_orientation=&#8220;left&#8220; custom_margin=&#8220;-12px||||false|false&#8220; custom_padding=&#8220;||||false|false&#8220; header_3_text_shadow_style=&#8220;none&#8220; global_colors_info=&#8220;{}&#8220;]<\/p>\n<h3 style=\"text-align: center;\"><span style=\"font-size: x-large; color: #ffee00;\">AKTUELL<\/span><\/h3>\n<p>[\/et_pb_text][et_pb_text admin_label=&#8220;Text&#8220; _builder_version=&#8220;4.18.0&#8243; _module_preset=&#8220;_initial&#8220; text_font=&#8220;Lato||||||||&#8220; text_text_color=&#8220;#000000&#8243; text_font_size=&#8220;16px&#8220; text_letter_spacing=&#8220;1px&#8220; text_line_height=&#8220;1.9em&#8220; header_font=&#8220;Lato|900|||||||&#8220; header_text_align=&#8220;left&#8220; header_text_color=&#8220;#8EB24C&#8220; header_2_font=&#8220;Lato|900|||||||&#8220; header_2_text_color=&#8220;#8EB24C&#8220; header_2_font_size=&#8220;29px&#8220; header_2_letter_spacing=&#8220;2px&#8220; header_2_line_height=&#8220;1.4em&#8220; header_3_text_color=&#8220;#8EB24C&#8220; header_3_line_height=&#8220;1.3em&#8220; header_4_text_color=&#8220;#8EB24C&#8220; header_5_text_color=&#8220;#8EB24C&#8220; custom_margin=&#8220;-26px||||false|false&#8220; custom_padding=&#8220;||||false|false&#8220; global_colors_info=&#8220;{}&#8220;]<\/p>\n<p style=\"text-align: center;\">Hier bekommst Du die aktuellsten Informationen.<\/p>\n<p>[\/et_pb_text][\/et_pb_column][et_pb_column type=&#8220;1_3&#8243; _builder_version=&#8220;4.17.4&#8243; _module_preset=&#8220;default&#8220; global_colors_info=&#8220;{}&#8220;][et_pb_icon font_icon=&#8220;&#xe030;||divi||400&#8243; icon_color=&#8220;#ffffff&#8220; icon_width=&#8220;59px&#8220; url=&#8220;https:\/\/www.verein-nektar.ch\/nektar\/veranstaltung\/&#8220; _builder_version=&#8220;4.18.0&#8243; _module_preset=&#8220;default&#8220; background_color=&#8220;#0091f2&#8243; custom_padding=&#8220;33px|30px|27px|30px|false|true&#8220; border_radii=&#8220;on|400px|400px|400px|400px&#8220; border_width_all=&#8220;3px&#8220; border_color_all=&#8220;#0091f2&#8243; global_colors_info=&#8220;{}&#8220; icon_color__hover_enabled=&#8220;on|hover&#8220; icon_color__hover=&#8220;#1ca8ff&#8220;][\/et_pb_icon][et_pb_text _builder_version=&#8220;4.18.0&#8243; _module_preset=&#8220;111e30ce-a020-48bb-9342-c9d2769f0fd0&#8243; text_font=&#8220;Lato|700|||||||&#8220; text_text_color=&#8220;#000000&#8243; text_font_size=&#8220;16px&#8220; text_letter_spacing=&#8220;1px&#8220; text_line_height=&#8220;1.9em&#8220; header_font=&#8220;Lato|900|||||||&#8220; header_text_align=&#8220;center&#8220; header_text_color=&#8220;#8EB24C&#8220; header_2_font=&#8220;Lato|700|||||||&#8220; header_2_text_color=&#8220;#8EB24C&#8220; header_2_font_size=&#8220;29px&#8220; header_2_letter_spacing=&#8220;2px&#8220; header_2_line_height=&#8220;1.4em&#8220; header_3_font=&#8220;Lato|900|||||||&#8220; header_3_text_align=&#8220;center&#8220; header_3_text_color=&#8220;#8EB24C&#8220; header_3_letter_spacing=&#8220;2px&#8220; header_3_line_height=&#8220;1.3em&#8220; header_4_text_color=&#8220;#8EB24C&#8220; header_5_text_color=&#8220;#8EB24C&#8220; custom_margin=&#8220;-12px||||false|false&#8220; custom_padding=&#8220;||||false|false&#8220; global_colors_info=&#8220;{}&#8220;]<\/p>\n<h3 style=\"text-align: center;\"><span style=\"font-size: x-large; color: #0091f2;\">VERANSTALTUNGEN<\/span><\/h3>\n<p>[\/et_pb_text][et_pb_text _builder_version=&#8220;4.18.0&#8243; _module_preset=&#8220;_initial&#8220; text_font=&#8220;Lato||||||||&#8220; text_text_color=&#8220;#000000&#8243; text_font_size=&#8220;16px&#8220; text_letter_spacing=&#8220;1px&#8220; text_line_height=&#8220;1.9em&#8220; header_font=&#8220;Lato|900|||||||&#8220; header_text_align=&#8220;left&#8220; header_text_color=&#8220;#8EB24C&#8220; header_2_font=&#8220;Lato|900|||||||&#8220; header_2_text_color=&#8220;#8EB24C&#8220; header_2_font_size=&#8220;29px&#8220; header_2_letter_spacing=&#8220;2px&#8220; header_2_line_height=&#8220;1.4em&#8220; header_3_text_color=&#8220;#8EB24C&#8220; header_3_line_height=&#8220;1.3em&#8220; header_4_text_color=&#8220;#8EB24C&#8220; header_5_text_color=&#8220;#8EB24C&#8220; custom_margin=&#8220;-26px||||false|false&#8220; custom_padding=&#8220;||||false|false&#8220; global_colors_info=&#8220;{}&#8220;]<\/p>\n<p style=\"text-align: center;\">Schau mal,<br \/>was bei uns stattfindet<\/p>\n<p>[\/et_pb_text][\/et_pb_column][et_pb_column type=&#8220;1_3&#8243; _builder_version=&#8220;4.17.4&#8243; _module_preset=&#8220;default&#8220; global_colors_info=&#8220;{}&#8220;][et_pb_icon font_icon=&#8220;&#xf7a2;||fa||900&#8243; icon_color=&#8220;#FFFFFF&#8220; icon_width=&#8220;59px&#8220; url=&#8220;https:\/\/www.verein-nektar.ch\/nektar\/leitbild\/&#8220; _builder_version=&#8220;4.18.0&#8243; _module_preset=&#8220;default&#8220; background_color=&#8220;#7CDA24&#8243; custom_padding=&#8220;31px|31px|31px|31px|true|true&#8220; border_radii=&#8220;on|400px|400px|400px|400px&#8220; border_width_all=&#8220;3px&#8220; border_color_all=&#8220;#7CDA24&#8243; global_colors_info=&#8220;{}&#8220; icon_color__hover_enabled=&#8220;on|hover&#8220; icon_color__hover=&#8220;#8ef92a&#8220;][\/et_pb_icon][et_pb_text _builder_version=&#8220;4.18.0&#8243; _module_preset=&#8220;ab87cfa5-8111-45ba-9a41-974a09fa9602&#8243; text_font=&#8220;Lato||||||||&#8220; text_text_color=&#8220;#000000&#8243; text_font_size=&#8220;16px&#8220; text_letter_spacing=&#8220;1px&#8220; text_line_height=&#8220;1.9em&#8220; header_font=&#8220;Lato|900|||||||&#8220; header_text_align=&#8220;left&#8220; header_text_color=&#8220;#8EB24C&#8220; header_2_font=&#8220;Lato|900|||||||&#8220; header_2_text_color=&#8220;#8EB24C&#8220; header_2_font_size=&#8220;29px&#8220; header_2_letter_spacing=&#8220;2px&#8220; header_2_line_height=&#8220;1.4em&#8220; header_3_font=&#8220;Lato|900|||||||&#8220; header_3_text_align=&#8220;center&#8220; header_3_text_color=&#8220;#8EB24C&#8220; header_3_letter_spacing=&#8220;2px&#8220; header_3_line_height=&#8220;1.3em&#8220; header_4_text_color=&#8220;#8EB24C&#8220; header_4_font_size=&#8220;18px&#8220; header_4_line_height=&#8220;1em&#8220; header_5_text_color=&#8220;#8EB24C&#8220; text_orientation=&#8220;left&#8220; custom_margin=&#8220;-12px||||false|false&#8220; custom_padding=&#8220;||||false|false&#8220; header_3_text_shadow_style=&#8220;none&#8220; global_colors_info=&#8220;{}&#8220;]<\/p>\n<h3 style=\"text-align: center;\"><span style=\"font-size: x-large; color: #7cda24;\">LEITBILD<\/span><\/h3>\n<p>[\/et_pb_text][et_pb_text _builder_version=&#8220;4.18.0&#8243; _module_preset=&#8220;_initial&#8220; text_font=&#8220;Lato||||||||&#8220; text_text_color=&#8220;#000000&#8243; text_font_size=&#8220;16px&#8220; text_letter_spacing=&#8220;1px&#8220; text_line_height=&#8220;1.9em&#8220; header_font=&#8220;Lato|900|||||||&#8220; header_text_align=&#8220;left&#8220; header_text_color=&#8220;#8EB24C&#8220; header_2_font=&#8220;Lato|900|||||||&#8220; header_2_text_color=&#8220;#8EB24C&#8220; header_2_font_size=&#8220;29px&#8220; header_2_letter_spacing=&#8220;2px&#8220; header_2_line_height=&#8220;1.4em&#8220; header_3_text_color=&#8220;#8EB24C&#8220; header_3_line_height=&#8220;1.3em&#8220; header_4_text_color=&#8220;#8EB24C&#8220; header_5_text_color=&#8220;#8EB24C&#8220; custom_margin=&#8220;-26px||||false|false&#8220; custom_padding=&#8220;||||false|false&#8220; global_colors_info=&#8220;{}&#8220;]<\/p>\n<p style=\"text-align: center;\">Das Manifest der Neuen Erde<br \/>weist uns den Weg.<\/p>\n<p>[\/et_pb_text][\/et_pb_column][\/et_pb_row][\/et_pb_section][et_pb_section fb_built=&#8220;1&#8243; _builder_version=&#8220;4.18.0&#8243; _module_preset=&#8220;default&#8220; global_colors_info=&#8220;{}&#8220;][et_pb_row _builder_version=&#8220;4.18.0&#8243; _module_preset=&#8220;default&#8220; global_colors_info=&#8220;{}&#8220;][et_pb_column type=&#8220;4_4&#8243; _builder_version=&#8220;4.18.0&#8243; _module_preset=&#8220;default&#8220; global_colors_info=&#8220;{}&#8220;][et_pb_text _builder_version=&#8220;4.18.0&#8243; _module_preset=&#8220;1e9bc7c0-cb07-4f18-a928-99f13455c54d&#8220; global_colors_info=&#8220;{}&#8220;]<\/p>\n<h2>Leitbild\u00a0\u00abManifest der Neuen Erde\u00bb<\/h2>\n<div><\/div>\n<p style=\"font-weight: 400;\">Die Auseinandersetzung mit dem Manifest unterst\u00fctzt die Visionskraft in jedem Einzelnen und der ganzen Gruppe. Es vermittelt ein konkretes Bild, wie unser wundervoller Mutterplanet Erde zusammen mit uns gedeihen und erbl\u00fchen kann. Es bietet eine Vielfalt an konkreten M\u00f6glichkeiten f\u00fcr die Umsetzung und l\u00e4sst trotzdem viel Spielraum f\u00fcr eigene, kreative Ideen.<\/p>\n<p>[\/et_pb_text][\/et_pb_column][\/et_pb_row][et_pb_row column_structure=&#8220;3_5,2_5&#8243; _builder_version=&#8220;4.18.0&#8243; _module_preset=&#8220;default&#8220; custom_margin=&#8220;||||false|false&#8220; custom_padding=&#8220;0px||||false|false&#8220; global_colors_info=&#8220;{}&#8220;][et_pb_column type=&#8220;3_5&#8243; _builder_version=&#8220;4.18.0&#8243; _module_preset=&#8220;default&#8220; global_colors_info=&#8220;{}&#8220;][et_pb_text _builder_version=&#8220;4.18.0&#8243; _module_preset=&#8220;1e9bc7c0-cb07-4f18-a928-99f13455c54d&#8220; custom_margin=&#8220;51px||||false|false&#8220; global_colors_info=&#8220;{}&#8220;]<\/p>\n<h2>Oberster Leitsatz<\/h2>\n<div><\/div>\n<p style=\"font-weight: 400;\">Jede unserer Handlungen und jedes Gesetz ist immer auf das Wohl allen Lebens ausgerichtet \u2013 in Respekt, Mitgef\u00fchl und Achtsamkeit f\u00fcr die Erde und ihre Vielfalt. In Liebe \u2013 Wahrheit \u2013 Freiheit \u2013 Gleichwertigkeit \u2013 Geschwisterlichkeit \u2013 Frieden.<\/p>\n<p>[\/et_pb_text][\/et_pb_column][et_pb_column type=&#8220;2_5&#8243; _builder_version=&#8220;4.18.0&#8243; _module_preset=&#8220;default&#8220; global_colors_info=&#8220;{}&#8220;][et_pb_image src=&#8220;https:\/\/www.verein-nektar.ch\/nektar\/wp-content\/uploads\/2023\/03\/Manara_a_bubble.png&#8220; title_text=&#8220;Manara_a_bubble&#8220; align=&#8220;right&#8220; _builder_version=&#8220;4.18.0&#8243; _module_preset=&#8220;default&#8220; custom_margin=&#8220;-35px||||false|false&#8220; global_colors_info=&#8220;{}&#8220;][\/et_pb_image][\/et_pb_column][\/et_pb_row][\/et_pb_section][et_pb_section fb_built=&#8220;1&#8243; _builder_version=&#8220;4.18.0&#8243; _module_preset=&#8220;default&#8220; background_color=&#8220;#89D0FF&#8220; global_colors_info=&#8220;{}&#8220;][et_pb_row _builder_version=&#8220;4.18.0&#8243; _module_preset=&#8220;default&#8220; global_colors_info=&#8220;{}&#8220;][et_pb_column type=&#8220;4_4&#8243; _builder_version=&#8220;4.18.0&#8243; _module_preset=&#8220;default&#8220; global_colors_info=&#8220;{}&#8220;][et_pb_video src=&#8220;https:\/\/youtu.be\/zjRx7PdbYqY&#8220; _builder_version=&#8220;4.18.0&#8243; _module_preset=&#8220;default&#8220; global_colors_info=&#8220;{}&#8220;][\/et_pb_video][\/et_pb_column][\/et_pb_row][\/et_pb_section][et_pb_section fb_built=&#8220;1&#8243; fullwidth=&#8220;on&#8220; admin_label=&#8220;Call to Action&#8220; _builder_version=&#8220;4.18.0&#8243; max_width=&#8220;100%&#8220; module_alignment=&#8220;center&#8220; filter_saturate=&#8220;89%&#8220; link_option_url_new_window=&#8220;on&#8220; hover_enabled=&#8220;0&#8243; locked=&#8220;off&#8220; global_colors_info=&#8220;{}&#8220; link_option_url=&#8220;https:\/\/livingearth.one\/manifest-der-neuen-erde&#8220; sticky_enabled=&#8220;0&#8243;][et_pb_fullwidth_header button_one_text=&#8220;WEBSITE BESUCHEN&#8220; button_one_url=&#8220;https:\/\/livingearth.one\/manifest-der-neuen-erde&#8220; _builder_version=&#8220;4.18.0&#8243; title_font=&#8220;Lato|900|||||||&#8220; title_font_size=&#8220;60px&#8220; subhead_text_align=&#8220;center&#8220; background_color=&#8220;#89D0FF&#8220; use_background_color_gradient=&#8220;off&#8220; background_enable_image=&#8220;off&#8220; background_enable_video_mp4=&#8220;off&#8220; background_video_width=&#8220;800&#8243; button_one_bg_color=&#8220;#009DFF&#8220; button_one_border_width=&#8220;3px&#8220; button_one_border_color=&#8220;#FFFFFF&#8220; button_one_border_radius=&#8220;100px&#8220; button_one_letter_spacing=&#8220;3px&#8220; button_one_custom_padding=&#8220;16px|22px|16px|25px|false|false&#8220; button_two_border_width=&#8220;3px&#8220; button_two_border_color=&#8220;#FFFFFF&#8220; button_two_border_radius=&#8220;100px&#8220; button_two_letter_spacing=&#8220;3px&#8220; button_two_custom_margin=&#8220;||||false|false&#8220; button_two_custom_padding=&#8220;16px|22px|16px|25px|false|false&#8220; width=&#8220;100%&#8220; module_alignment=&#8220;center&#8220; custom_margin=&#8220;-129px||-35px||false|false&#8220; custom_padding=&#8220;4%|0px|4%|0px|false|false&#8220; child_filter_saturate=&#8220;107%&#8220; hover_enabled=&#8220;0&#8243; button_one_letter_spacing_hover=&#8220;1px&#8220; button_two_letter_spacing_hover=&#8220;1px&#8220; global_colors_info=&#8220;{}&#8220; button_one_text_size__hover_enabled=&#8220;off&#8220; button_two_text_size__hover_enabled=&#8220;off&#8220; button_one_text_color__hover_enabled=&#8220;off&#8220; button_two_text_color__hover_enabled=&#8220;off&#8220; button_one_border_width__hover_enabled=&#8220;off&#8220; button_two_border_width__hover_enabled=&#8220;off&#8220; button_one_border_color__hover_enabled=&#8220;off&#8220; button_two_border_color__hover_enabled=&#8220;off&#8220; button_one_border_radius__hover_enabled=&#8220;off&#8220; button_two_border_radius__hover_enabled=&#8220;off&#8220; button_one_bg_color__hover_enabled=&#8220;off&#8220; button_two_bg_color__hover_enabled=&#8220;off&#8220; link_option_url_new_window=&#8220;on&#8220; sticky_enabled=&#8220;0&#8243;][\/et_pb_fullwidth_header][\/et_pb_section]<\/p>\n","protected":false},"excerpt":{"rendered":"<p>AKTUELLHier bekommst Du die aktuellsten Informationen.VERANSTALTUNGENSchau mal,was bei uns stattfindetLEITBILDDas Manifest der Neuen Erdeweist uns den Weg.Leitbild\u00a0\u00abManifest der Neuen Erde\u00bb Die Auseinandersetzung mit dem Manifest unterst\u00fctzt die Visionskraft in jedem Einzelnen und der ganzen Gruppe. Es vermittelt ein konkretes Bild, wie unser wundervoller Mutterplanet Erde zusammen mit uns gedeihen und erbl\u00fchen kann. Es bietet eine [&hellip;]<\/p>\n","protected":false},"author":1,"featured_media":0,"parent":0,"menu_order":0,"comment_status":"closed","ping_status":"closed","template":"","meta":{"_et_pb_use_builder":"on","_et_pb_old_content":"","_et_gb_content_width":"","footnotes":""},"class_list":["post-630","page","type-page","status-publish","hentry"],"_links":{"self":[{"href":"https:\/\/www.verein-nektar.ch\/nektar\/wp-json\/wp\/v2\/pages\/630","targetHints":{"allow":["GET"]}}],"collection":[{"href":"https:\/\/www.verein-nektar.ch\/nektar\/wp-json\/wp\/v2\/pages"}],"about":[{"href":"https:\/\/www.verein-nektar.ch\/nektar\/wp-json\/wp\/v2\/types\/page"}],"author":[{"embeddable":true,"href":"https:\/\/www.verein-nektar.ch\/nektar\/wp-json\/wp\/v2\/users\/1"}],"replies":[{"embeddable":true,"href":"https:\/\/www.verein-nektar.ch\/nektar\/wp-json\/wp\/v2\/comments?post=630"}],"version-history":[{"count":26,"href":"https:\/\/www.verein-nektar.ch\/nektar\/wp-json\/wp\/v2\/pages\/630\/revisions"}],"predecessor-version":[{"id":1938,"href":"https:\/\/www.verein-nektar.ch\/nektar\/wp-json\/wp\/v2\/pages\/630\/revisions\/1938"}],"wp:attachment":[{"href":"https:\/\/www.verein-nektar.ch\/nektar\/wp-json\/wp\/v2\/media?parent=630"}],"curies":[{"name":"wp","href":"https:\/\/api.w.org\/{rel}","templated":true}]}}