{"id":804,"date":"2023-03-16T10:06:18","date_gmt":"2023-03-16T10:06:18","guid":{"rendered":"https:\/\/www.verein-nektar.ch\/nektar\/?page_id=804"},"modified":"2023-03-31T17:20:34","modified_gmt":"2023-03-31T17:20:34","slug":"veranstaltung","status":"publish","type":"page","link":"https:\/\/www.verein-nektar.ch\/nektar\/veranstaltung\/","title":{"rendered":"Veranstaltung"},"content":{"rendered":"<p>[et_pb_section fb_built=&#8220;1&#8243; admin_label=&#8220;Seite oben Statement&#8220; _builder_version=&#8220;4.18.0&#8243; custom_margin=&#8220;1px||||false|false&#8220; custom_padding=&#8220;15px||0px|||&#8220; global_module=&#8220;573&#8243; saved_tabs=&#8220;all&#8220; collapsed=&#8220;off&#8220; global_colors_info=&#8220;{}&#8220;][et_pb_row column_structure=&#8220;1_3,1_3,1_3&#8243; make_equal=&#8220;on&#8220; admin_label=&#8220;drei Punkte&#8220; _builder_version=&#8220;4.18.0&#8243; _module_preset=&#8220;8161ac50-1026-4726-81d7-0358a1d01647&#8243; min_height=&#8220;300.7px&#8220; custom_margin=&#8220;2px|auto||auto||&#8220; saved_tabs=&#8220;all&#8220; global_colors_info=&#8220;{}&#8220;][et_pb_column type=&#8220;1_3&#8243; _builder_version=&#8220;4.17.4&#8243; _module_preset=&#8220;default&#8220; global_colors_info=&#8220;{}&#8220;][et_pb_icon font_icon=&#8220;&#x7a;||divi||400&#8243; icon_color=&#8220;#ffffff&#8220; icon_width=&#8220;59px&#8220; _builder_version=&#8220;4.18.0&#8243; _module_preset=&#8220;default&#8220; background_color=&#8220;#ffee00&#8243; custom_padding=&#8220;30px|31px|28px|31px|false|true&#8220; border_radii=&#8220;on|400px|400px|400px|400px&#8220; border_width_all=&#8220;3px&#8220; border_color_all=&#8220;#FCF400&#8243; global_colors_info=&#8220;{}&#8220; icon_color__hover_enabled=&#8220;on|hover&#8220; border_radii__hover_enabled=&#8220;on|desktop&#8220; background__hover_enabled=&#8220;on|hover&#8220; background_color__hover=&#8220;#FFFFFF&#8220; background_enable_color__hover=&#8220;on&#8220; icon_color__hover=&#8220;#FCF400&#8243; border_radii__hover=&#8220;on|400px|400px|400px|400px&#8220;][\/et_pb_icon][et_pb_text _builder_version=&#8220;4.18.0&#8243; _module_preset=&#8220;ab87cfa5-8111-45ba-9a41-974a09fa9602&#8243; text_font=&#8220;Lato||||||||&#8220; text_text_color=&#8220;#000000&#8243; text_font_size=&#8220;16px&#8220; text_letter_spacing=&#8220;1px&#8220; text_line_height=&#8220;1.9em&#8220; header_font=&#8220;Lato|900|||||||&#8220; header_text_align=&#8220;left&#8220; header_text_color=&#8220;#8EB24C&#8220; header_2_font=&#8220;Lato|900|||||||&#8220; header_2_text_color=&#8220;#8EB24C&#8220; header_2_font_size=&#8220;29px&#8220; header_2_letter_spacing=&#8220;2px&#8220; header_2_line_height=&#8220;1.4em&#8220; header_3_font=&#8220;Lato|900|||||||&#8220; header_3_text_align=&#8220;center&#8220; header_3_text_color=&#8220;#8EB24C&#8220; header_3_letter_spacing=&#8220;3px&#8220; header_3_line_height=&#8220;1.3em&#8220; header_4_text_color=&#8220;#8EB24C&#8220; header_4_font_size=&#8220;18px&#8220; header_4_line_height=&#8220;1em&#8220; header_5_text_color=&#8220;#8EB24C&#8220; text_orientation=&#8220;left&#8220; custom_margin=&#8220;-12px||||false|false&#8220; custom_padding=&#8220;||||false|false&#8220; header_3_text_shadow_style=&#8220;none&#8220; global_colors_info=&#8220;{}&#8220;]<\/p>\n<h3 style=\"text-align: center;\"><span style=\"font-size: x-large; color: #ffee00;\">AKTUELL<\/span><\/h3>\n<p>[\/et_pb_text][et_pb_text admin_label=&#8220;Text&#8220; _builder_version=&#8220;4.18.0&#8243; _module_preset=&#8220;_initial&#8220; text_font=&#8220;Lato||||||||&#8220; text_text_color=&#8220;#000000&#8243; text_font_size=&#8220;16px&#8220; text_letter_spacing=&#8220;1px&#8220; text_line_height=&#8220;1.9em&#8220; header_font=&#8220;Lato|900|||||||&#8220; header_text_align=&#8220;left&#8220; header_text_color=&#8220;#8EB24C&#8220; header_2_font=&#8220;Lato|900|||||||&#8220; header_2_text_color=&#8220;#8EB24C&#8220; header_2_font_size=&#8220;29px&#8220; header_2_letter_spacing=&#8220;2px&#8220; header_2_line_height=&#8220;1.4em&#8220; header_3_text_color=&#8220;#8EB24C&#8220; header_3_line_height=&#8220;1.3em&#8220; header_4_text_color=&#8220;#8EB24C&#8220; header_5_text_color=&#8220;#8EB24C&#8220; custom_margin=&#8220;-26px||||false|false&#8220; custom_padding=&#8220;||||false|false&#8220; global_colors_info=&#8220;{}&#8220;]<\/p>\n<p style=\"text-align: center;\">Hier bekommst Du die aktuellsten Informationen.<\/p>\n<p>[\/et_pb_text][\/et_pb_column][et_pb_column type=&#8220;1_3&#8243; _builder_version=&#8220;4.17.4&#8243; _module_preset=&#8220;default&#8220; global_colors_info=&#8220;{}&#8220;][et_pb_icon font_icon=&#8220;&#xe030;||divi||400&#8243; icon_color=&#8220;#ffffff&#8220; icon_width=&#8220;59px&#8220; _builder_version=&#8220;4.18.0&#8243; _module_preset=&#8220;default&#8220; background_color=&#8220;#0091f2&#8243; custom_padding=&#8220;33px|30px|27px|30px|false|true&#8220; border_radii=&#8220;on|400px|400px|400px|400px&#8220; border_width_all=&#8220;3px&#8220; border_color_all=&#8220;#0091f2&#8243; global_colors_info=&#8220;{}&#8220;][\/et_pb_icon][et_pb_text _builder_version=&#8220;4.18.0&#8243; _module_preset=&#8220;111e30ce-a020-48bb-9342-c9d2769f0fd0&#8243; text_font=&#8220;Lato|700|||||||&#8220; text_text_color=&#8220;#000000&#8243; text_font_size=&#8220;16px&#8220; text_letter_spacing=&#8220;1px&#8220; text_line_height=&#8220;1.9em&#8220; header_font=&#8220;Lato|900|||||||&#8220; header_text_align=&#8220;center&#8220; header_text_color=&#8220;#8EB24C&#8220; header_2_font=&#8220;Lato|700|||||||&#8220; header_2_text_color=&#8220;#8EB24C&#8220; header_2_font_size=&#8220;29px&#8220; header_2_letter_spacing=&#8220;2px&#8220; header_2_line_height=&#8220;1.4em&#8220; header_3_font=&#8220;Lato|900|||||||&#8220; header_3_text_align=&#8220;center&#8220; header_3_text_color=&#8220;#8EB24C&#8220; header_3_letter_spacing=&#8220;2px&#8220; header_3_line_height=&#8220;1.3em&#8220; header_4_text_color=&#8220;#8EB24C&#8220; header_5_text_color=&#8220;#8EB24C&#8220; custom_margin=&#8220;-12px||||false|false&#8220; custom_padding=&#8220;||||false|false&#8220; global_colors_info=&#8220;{}&#8220;]<\/p>\n<h3 style=\"text-align: center;\"><span style=\"font-size: x-large; color: #0091f2;\">VERANSTALTUNGEN<\/span><\/h3>\n<p>[\/et_pb_text][et_pb_text _builder_version=&#8220;4.18.0&#8243; _module_preset=&#8220;_initial&#8220; text_font=&#8220;Lato||||||||&#8220; text_text_color=&#8220;#000000&#8243; text_font_size=&#8220;16px&#8220; text_letter_spacing=&#8220;1px&#8220; text_line_height=&#8220;1.9em&#8220; header_font=&#8220;Lato|900|||||||&#8220; header_text_align=&#8220;left&#8220; header_text_color=&#8220;#8EB24C&#8220; header_2_font=&#8220;Lato|900|||||||&#8220; header_2_text_color=&#8220;#8EB24C&#8220; header_2_font_size=&#8220;29px&#8220; header_2_letter_spacing=&#8220;2px&#8220; header_2_line_height=&#8220;1.4em&#8220; header_3_text_color=&#8220;#8EB24C&#8220; header_3_line_height=&#8220;1.3em&#8220; header_4_text_color=&#8220;#8EB24C&#8220; header_5_text_color=&#8220;#8EB24C&#8220; custom_margin=&#8220;-26px||||false|false&#8220; custom_padding=&#8220;||||false|false&#8220; global_colors_info=&#8220;{}&#8220;]<\/p>\n<p style=\"text-align: center;\">Schau mal,<br \/>was bei uns stattfindet<\/p>\n<p>[\/et_pb_text][\/et_pb_column][et_pb_column type=&#8220;1_3&#8243; _builder_version=&#8220;4.17.4&#8243; _module_preset=&#8220;default&#8220; global_colors_info=&#8220;{}&#8220;][et_pb_icon font_icon=&#8220;&#xf7a2;||fa||900&#8243; icon_color=&#8220;#FFFFFF&#8220; icon_width=&#8220;59px&#8220; _builder_version=&#8220;4.18.0&#8243; _module_preset=&#8220;default&#8220; background_color=&#8220;#7CDA24&#8243; custom_padding=&#8220;31px|31px|31px|31px|true|true&#8220; border_radii=&#8220;on|400px|400px|400px|400px&#8220; border_width_all=&#8220;3px&#8220; border_color_all=&#8220;#7CDA24&#8243; global_colors_info=&#8220;{}&#8220;][\/et_pb_icon][et_pb_text _builder_version=&#8220;4.18.0&#8243; _module_preset=&#8220;ab87cfa5-8111-45ba-9a41-974a09fa9602&#8243; text_font=&#8220;Lato||||||||&#8220; text_text_color=&#8220;#000000&#8243; text_font_size=&#8220;16px&#8220; text_letter_spacing=&#8220;1px&#8220; text_line_height=&#8220;1.9em&#8220; header_font=&#8220;Lato|900|||||||&#8220; header_text_align=&#8220;left&#8220; header_text_color=&#8220;#8EB24C&#8220; header_2_font=&#8220;Lato|900|||||||&#8220; header_2_text_color=&#8220;#8EB24C&#8220; header_2_font_size=&#8220;29px&#8220; header_2_letter_spacing=&#8220;2px&#8220; header_2_line_height=&#8220;1.4em&#8220; header_3_font=&#8220;Lato|900|||||||&#8220; header_3_text_align=&#8220;center&#8220; header_3_text_color=&#8220;#8EB24C&#8220; header_3_letter_spacing=&#8220;2px&#8220; header_3_line_height=&#8220;1.3em&#8220; header_4_text_color=&#8220;#8EB24C&#8220; header_4_font_size=&#8220;18px&#8220; header_4_line_height=&#8220;1em&#8220; header_5_text_color=&#8220;#8EB24C&#8220; text_orientation=&#8220;left&#8220; custom_margin=&#8220;-12px||||false|false&#8220; custom_padding=&#8220;||||false|false&#8220; header_3_text_shadow_style=&#8220;none&#8220; global_colors_info=&#8220;{}&#8220;]<\/p>\n<h3 style=\"text-align: center;\"><span style=\"font-size: x-large; color: #7cda24;\">LEITBILD<\/span><\/h3>\n<p>[\/et_pb_text][et_pb_text _builder_version=&#8220;4.18.0&#8243; _module_preset=&#8220;_initial&#8220; text_font=&#8220;Lato||||||||&#8220; text_text_color=&#8220;#000000&#8243; text_font_size=&#8220;16px&#8220; text_letter_spacing=&#8220;1px&#8220; text_line_height=&#8220;1.9em&#8220; header_font=&#8220;Lato|900|||||||&#8220; header_text_align=&#8220;left&#8220; header_text_color=&#8220;#8EB24C&#8220; header_2_font=&#8220;Lato|900|||||||&#8220; header_2_text_color=&#8220;#8EB24C&#8220; header_2_font_size=&#8220;29px&#8220; header_2_letter_spacing=&#8220;2px&#8220; header_2_line_height=&#8220;1.4em&#8220; header_3_text_color=&#8220;#8EB24C&#8220; header_3_line_height=&#8220;1.3em&#8220; header_4_text_color=&#8220;#8EB24C&#8220; header_5_text_color=&#8220;#8EB24C&#8220; custom_margin=&#8220;-26px||||false|false&#8220; custom_padding=&#8220;||||false|false&#8220; global_colors_info=&#8220;{}&#8220;]<\/p>\n<p style=\"text-align: center;\">Das Manifest der Neuen Erde<br \/>weist uns den Weg.<\/p>\n<p>[\/et_pb_text][\/et_pb_column][\/et_pb_row][\/et_pb_section][et_pb_section fb_built=&#8220;1&#8243; admin_label=&#8220;Header&#8220; _builder_version=&#8220;4.18.0&#8243; _module_preset=&#8220;default&#8220; collapsed=&#8220;on&#8220; global_colors_info=&#8220;{}&#8220;][\/et_pb_section][et_pb_section fb_built=&#8220;1&#8243; _builder_version=&#8220;4.18.0&#8243; _module_preset=&#8220;default&#8220; global_colors_info=&#8220;{}&#8220;][et_pb_row _builder_version=&#8220;4.18.0&#8243; _module_preset=&#8220;default&#8220; custom_margin=&#8220;-92px|auto||auto||&#8220; global_colors_info=&#8220;{}&#8220;][et_pb_column type=&#8220;4_4&#8243; _builder_version=&#8220;4.18.0&#8243; _module_preset=&#8220;default&#8220; global_colors_info=&#8220;{}&#8220;][et_pb_text _builder_version=&#8220;4.18.0&#8243; _module_preset=&#8220;default&#8220; custom_margin=&#8220;-88px|||||&#8220; header_text_shadow_style=&#8220;none&#8220; header_2_text_shadow_style=&#8220;none&#8220; global_colors_info=&#8220;{}&#8220;]<\/p>\n<h2>Veranstaltungen<\/h2>\n<p style=\"font-weight: 400;\">Sehr viele Kurse, Vortr\u00e4ge und Veranstaltungen finden heute digital statt. Dem m\u00f6chten wir etwas entgegenwirken, so dass auch direkte Begegnungen untereinander m\u00f6glich sind. Diese Veranstaltungen finden ausschliesslich in unserem Seminarraum am Obertorplatz in Rheinfelden statt. Vereinssitzungen, Anl\u00e4sse und Nektar-Treffs finden auch in diesem wundervollen Raum statt. Er kann auch direkt f\u00fcr eigene Anl\u00e4sse gemietet werden.<\/p>\n<p style=\"font-weight: 400;\">Weitere Informationen zu den Veranstaltungen und dem Seminarraum sind hier zu finden:<\/p>\n<p>[\/et_pb_text][\/et_pb_column][\/et_pb_row][\/et_pb_section][et_pb_section fb_built=&#8220;1&#8243; _builder_version=&#8220;4.18.0&#8243; _module_preset=&#8220;default&#8220; background_image=&#8220;https:\/\/www.verein-nektar.ch\/nektar\/wp-content\/uploads\/2023\/03\/hintergrundliz-scaled.jpg&#8220; hover_enabled=&#8220;0&#8243; global_colors_info=&#8220;{}&#8220; sticky_enabled=&#8220;0&#8243;][et_pb_row _builder_version=&#8220;4.18.0&#8243; _module_preset=&#8220;default&#8220; global_colors_info=&#8220;{}&#8220;][et_pb_column type=&#8220;4_4&#8243; _builder_version=&#8220;4.18.0&#8243; _module_preset=&#8220;default&#8220; global_colors_info=&#8220;{}&#8220;][et_pb_image src=&#8220;https:\/\/www.verein-nektar.ch\/nektar\/wp-content\/uploads\/2023\/03\/liz-fricktal-foto.jpeg&#8220; title_text=&#8220;liz-fricktal-foto&#8220; _builder_version=&#8220;4.18.0&#8243; _module_preset=&#8220;default&#8220; global_colors_info=&#8220;{}&#8220;][\/et_pb_image][et_pb_button button_url=&#8220;https:\/\/www.liz-fricktal.com\/was-findet-statt\/&#8220; url_new_window=&#8220;on&#8220; button_text=&#8220;VERANSTALTUNGEN&#8220; button_alignment=&#8220;center&#8220; _builder_version=&#8220;4.18.0&#8243; _module_preset=&#8220;default&#8220; custom_button=&#8220;on&#8220; button_text_size=&#8220;17px&#8220; button_text_color=&#8220;#FFFFFF&#8220; button_bg_color=&#8220;#8EB24C&#8220; button_border_width=&#8220;3px&#8220; button_border_color=&#8220;#FFFFFF&#8220; button_border_radius=&#8220;32px&#8220; button_letter_spacing=&#8220;2px&#8220; button_font=&#8220;Lato|700|||||||&#8220; button_use_icon=&#8220;off&#8220; custom_margin=&#8220;0px||||false|false&#8220; custom_padding=&#8220;13px|22px|13px|22px|false|true&#8220; hover_enabled=&#8220;0&#8243; global_colors_info=&#8220;{}&#8220; sticky_enabled=&#8220;0&#8243;][\/et_pb_button][\/et_pb_column][\/et_pb_row][\/et_pb_section][et_pb_section fb_built=&#8220;1&#8243; _builder_version=&#8220;4.18.0&#8243; _module_preset=&#8220;default&#8220; background_color=&#8220;#a5c6c6&#8243; global_colors_info=&#8220;{}&#8220;][et_pb_row _builder_version=&#8220;4.18.0&#8243; _module_preset=&#8220;default&#8220; global_colors_info=&#8220;{}&#8220;][et_pb_column type=&#8220;4_4&#8243; _builder_version=&#8220;4.18.0&#8243; _module_preset=&#8220;default&#8220; global_colors_info=&#8220;{}&#8220;][et_pb_text _builder_version=&#8220;4.18.0&#8243; _module_preset=&#8220;1e9bc7c0-cb07-4f18-a928-99f13455c54d&#8220; header_font=&#8220;||||||||&#8220; header_3_font=&#8220;Work Sans||||||||&#8220; header_3_text_color=&#8220;#000000&#8243; header_3_font_size=&#8220;35px&#8220; header_3_line_height=&#8220;1.2em&#8220; custom_margin=&#8220;||10px||false|false&#8220; header_3_font_size_tablet=&#8220;20px&#8220; header_3_font_size_phone=&#8220;16px&#8220; header_3_font_size_last_edited=&#8220;on|phone&#8220; locked=&#8220;off&#8220; global_colors_info=&#8220;{}&#8220;]<\/p>\n<h2>Newsletter<\/h2>\n<p>Wir informieren Dich laufend \u00fcber das aktuelle Programm, hier kannst Du den Newsletter abonnieren.<\/p>\n<p>[\/et_pb_text][et_pb_signup mailchimp_list=&#8220;elegantthemestest|1ea2bbd026&#8243; name_field=&#8220;on&#8220; _builder_version=&#8220;4.18.0&#8243; _module_preset=&#8220;default&#8220; form_field_background_color=&#8220;#FFFFFF&#8220; form_field_text_color=&#8220;#000000&#8243; form_field_font=&#8220;|600||on|||||&#8220; form_field_font_size=&#8220;10px&#8220; form_field_letter_spacing=&#8220;3px&#8220; form_field_line_height=&#8220;2em&#8220; use_background_color=&#8220;off&#8220; custom_button=&#8220;on&#8220; button_text_size=&#8220;20px&#8220; button_text_color=&#8220;#FFFFFF&#8220; button_bg_color=&#8220;#8EB24C&#8220; button_border_width=&#8220;3px&#8220; button_border_radius=&#8220;100px&#8220; button_letter_spacing=&#8220;3px&#8220; button_font=&#8220;|700||on|||||&#8220; button_custom_margin=&#8220;10px||||false|false&#8220; button_custom_padding=&#8220;15px|30px|15px|30px|true|true&#8220; border_radii_fields=&#8220;on|23px|23px|23px|23px&#8220; locked=&#8220;off&#8220; global_colors_info=&#8220;{%22gcid-866b105d-efc7-49da-8ab1-eb458f147c5d%22:%91%93,%22gcid-87cad038-7afd-4dda-acb0-0a24d4ccd112%22:%91%93}&#8220;][\/et_pb_signup][\/et_pb_column][\/et_pb_row][\/et_pb_section][et_pb_section fb_built=&#8220;1&#8243; _builder_version=&#8220;4.18.0&#8243; _module_preset=&#8220;default&#8220; background_image=&#8220;https:\/\/www.verein-nektar.ch\/nektar\/wp-content\/uploads\/2023\/03\/IMG_1744-scaled.jpg&#8220; min_height=&#8220;319px&#8220; global_colors_info=&#8220;{}&#8220;][et_pb_row column_structure=&#8220;1_5,3_5,1_5&#8243; _builder_version=&#8220;4.18.0&#8243; _module_preset=&#8220;default&#8220; global_colors_info=&#8220;{}&#8220;][et_pb_column type=&#8220;1_5&#8243; _builder_version=&#8220;4.18.0&#8243; _module_preset=&#8220;default&#8220; global_colors_info=&#8220;{}&#8220;][\/et_pb_column][et_pb_column type=&#8220;3_5&#8243; _builder_version=&#8220;4.18.0&#8243; _module_preset=&#8220;default&#8220; global_colors_info=&#8220;{}&#8220;][et_pb_text _builder_version=&#8220;4.18.0&#8243; _module_preset=&#8220;default&#8220; global_colors_info=&#8220;{}&#8220;]<\/p>\n<p>&nbsp;<\/p>\n<p>&nbsp;<\/p>\n<p>[\/et_pb_text][et_pb_text _builder_version=&#8220;4.18.0&#8243; _module_preset=&#8220;default&#8220; global_colors_info=&#8220;{}&#8220;]<\/p>\n<p>&nbsp;<\/p>\n<p>&nbsp;<\/p>\n<p>[\/et_pb_text][et_pb_text _builder_version=&#8220;4.18.0&#8243; _module_preset=&#8220;default&#8220; global_colors_info=&#8220;{}&#8220;]<\/p>\n<p>&nbsp;<\/p>\n<p>&nbsp;<\/p>\n<p>[\/et_pb_text][\/et_pb_column][et_pb_column type=&#8220;1_5&#8243; _builder_version=&#8220;4.18.0&#8243; _module_preset=&#8220;default&#8220; global_colors_info=&#8220;{}&#8220;][\/et_pb_column][\/et_pb_row][\/et_pb_section]<\/p>\n","protected":false},"excerpt":{"rendered":"<p>AKTUELLHier bekommst Du die aktuellsten Informationen.VERANSTALTUNGENSchau mal,was bei uns stattfindetLEITBILDDas Manifest der Neuen Erdeweist uns den Weg.Veranstaltungen Sehr viele Kurse, Vortr\u00e4ge und Veranstaltungen finden heute digital statt. Dem m\u00f6chten wir etwas entgegenwirken, so dass auch direkte Begegnungen untereinander m\u00f6glich sind. Diese Veranstaltungen finden ausschliesslich in unserem Seminarraum am Obertorplatz in Rheinfelden statt. Vereinssitzungen, Anl\u00e4sse und [&hellip;]<\/p>\n","protected":false},"author":1,"featured_media":0,"parent":0,"menu_order":0,"comment_status":"closed","ping_status":"closed","template":"","meta":{"_et_pb_use_builder":"on","_et_pb_old_content":"","_et_gb_content_width":"","footnotes":""},"class_list":["post-804","page","type-page","status-publish","hentry"],"_links":{"self":[{"href":"https:\/\/www.verein-nektar.ch\/nektar\/wp-json\/wp\/v2\/pages\/804","targetHints":{"allow":["GET"]}}],"collection":[{"href":"https:\/\/www.verein-nektar.ch\/nektar\/wp-json\/wp\/v2\/pages"}],"about":[{"href":"https:\/\/www.verein-nektar.ch\/nektar\/wp-json\/wp\/v2\/types\/page"}],"author":[{"embeddable":true,"href":"https:\/\/www.verein-nektar.ch\/nektar\/wp-json\/wp\/v2\/users\/1"}],"replies":[{"embeddable":true,"href":"https:\/\/www.verein-nektar.ch\/nektar\/wp-json\/wp\/v2\/comments?post=804"}],"version-history":[{"count":27,"href":"https:\/\/www.verein-nektar.ch\/nektar\/wp-json\/wp\/v2\/pages\/804\/revisions"}],"predecessor-version":[{"id":1613,"href":"https:\/\/www.verein-nektar.ch\/nektar\/wp-json\/wp\/v2\/pages\/804\/revisions\/1613"}],"wp:attachment":[{"href":"https:\/\/www.verein-nektar.ch\/nektar\/wp-json\/wp\/v2\/media?parent=804"}],"curies":[{"name":"wp","href":"https:\/\/api.w.org\/{rel}","templated":true}]}}